{"id":401,"date":"2025-04-14T13:11:47","date_gmt":"2025-04-14T11:11:47","guid":{"rendered":"https:\/\/demo.rtmr-gmbh.com\/?post_type=product&#038;p=401"},"modified":"2025-06-26T15:49:46","modified_gmt":"2025-06-26T13:49:46","slug":"k-line-serie-1-0","status":"publish","type":"product","link":"https:\/\/rtmr-gmbh.com\/en\/product\/k-line-serie-1-0\/","title":{"rendered":"K-Line, Serie 1.0"},"content":{"rendered":"","protected":false},"excerpt":{"rendered":"<h2>Keramikwasch\u00adbecken \/<br \/>\n<span style=\"color: #62a6a9;\">Ceramic basin<\/span><\/h2>\n<p>Eleganter Waschtisch, weich einlaufendes Innenbecken mit verj\u00fcngter Vorderkante f\u00fcr eine d\u00fcnne Optik<br \/>\n<span style=\"color: #62a6a9;\">Elegant washbasin, softly inclining inner basin with tapered front edge for a thin appearence<\/span><\/p>\n<p>ca. 660 x 495 x 160 mm<br \/>\nca. 860 x 495 x 160 mm<br \/>\nca. 960 x 495 x 160 mm<br \/>\nca. 1060 x 495 x 160 mm<br \/>\nca. 1260 x 495 x 160 mm<br \/>\nca. 1260 x 495 x 160 mm Doppelbecken \/ <span style=\"color: #62a6a9;\">double basin<\/span><\/p>\n","protected":false},"featured_media":310,"template":"","meta":[],"product_brand":[],"product_cat":[21],"product_tag":[],"class_list":{"0":"post-401","1":"product","2":"type-product","3":"status-publish","4":"has-post-thumbnail","6":"product_cat-keramik-waschbecken","7":"","8":"woocommerce-text-align-center","9":"woocommerce-image-align-center","11":"first","12":"instock","13":"shipping-taxable","14":"product-type-simple"},"_links":{"self":[{"href":"https:\/\/rtmr-gmbh.com\/en\/wp-json\/wp\/v2\/product\/401","targetHints":{"allow":["GET"]}}],"collection":[{"href":"https:\/\/rtmr-gmbh.com\/en\/wp-json\/wp\/v2\/product"}],"about":[{"href":"https:\/\/rtmr-gmbh.com\/en\/wp-json\/wp\/v2\/types\/product"}],"wp:featuredmedia":[{"embeddable":true,"href":"https:\/\/rtmr-gmbh.com\/en\/wp-json\/wp\/v2\/media\/310"}],"wp:attachment":[{"href":"https:\/\/rtmr-gmbh.com\/en\/wp-json\/wp\/v2\/media?parent=401"}],"wp:term":[{"taxonomy":"product_brand","embeddable":true,"href":"https:\/\/rtmr-gmbh.com\/en\/wp-json\/wp\/v2\/product_brand?post=401"},{"taxonomy":"product_cat","embeddable":true,"href":"https:\/\/rtmr-gmbh.com\/en\/wp-json\/wp\/v2\/product_cat?post=401"},{"taxonomy":"product_tag","embeddable":true,"href":"https:\/\/rtmr-gmbh.com\/en\/wp-json\/wp\/v2\/product_tag?post=401"}],"curies":[{"name":"wp","href":"https:\/\/api.w.org\/{rel}","templated":true}]}}